{"id":10737,"date":"2026-04-01T12:36:48","date_gmt":"2026-04-01T10:36:48","guid":{"rendered":"https:\/\/www.afluxurysuites.com\/courmayeur\/youre-in\/"},"modified":"2026-04-30T17:09:40","modified_gmt":"2026-04-30T15:09:40","slug":"vous-etes-des-notres","status":"publish","type":"page","link":"https:\/\/www.afluxurysuites.com\/courmayeur\/fr\/vous-etes-des-notres\/","title":{"rendered":"Vous \u00cates des N\u00f4tres."},"content":{"rendered":"\t\t<div data-elementor-type=\"wp-page\" data-elementor-id=\"10737\" class=\"elementor elementor-10737 elementor-10549\" data-elementor-post-type=\"page\">\n\t\t\t\t<div class=\"elementor-element elementor-element-1654a45 e-flex e-con-boxed e-con e-parent\" data-id=\"1654a45\" data-element_type=\"container\" data-settings=\"{&quot;background_background&quot;:&quot;classic&quot;}\">\n\t\t\t\t\t<div class=\"e-con-inner\">\n\t\t\t\t<div class=\"elementor-element elementor-element-f1c7216 elementor-widget elementor-widget-spacer\" data-id=\"f1c7216\" data-element_type=\"widget\" data-widget_type=\"spacer.default\">\n\t\t\t\t<div class=\"elementor-widget-container\">\n\t\t\t\t\t\t\t<div class=\"elementor-spacer\">\n\t\t\t<div class=\"elementor-spacer-inner\"><\/div>\n\t\t<\/div>\n\t\t\t\t\t\t<\/div>\n\t\t\t\t<\/div>\n\t\t\t\t<div class=\"elementor-element elementor-element-961e78d elementor-view-default elementor-widget elementor-widget-icon\" data-id=\"961e78d\" data-element_type=\"widget\" data-widget_type=\"icon.default\">\n\t\t\t\t<div class=\"elementor-widget-container\">\n\t\t\t\t\t\t\t<div class=\"elementor-icon-wrapper\">\n\t\t\t<div class=\"elementor-icon\">\n\t\t\t<i aria-hidden=\"true\" class=\"far fa-check-circle\"><\/i>\t\t\t<\/div>\n\t\t<\/div>\n\t\t\t\t\t\t<\/div>\n\t\t\t\t<\/div>\n\t\t\t\t<div class=\"elementor-element elementor-element-0c4582b elementor-widget elementor-widget-heading\" data-id=\"0c4582b\" data-element_type=\"widget\" data-widget_type=\"heading.default\">\n\t\t\t\t<div class=\"elementor-widget-container\">\n\t\t\t\t\t<p class=\"elementor-heading-title elementor-size-default\">Vous \u00cates des N\u00f4tres.<\/p>\t\t\t\t<\/div>\n\t\t\t\t<\/div>\n\t\t\t\t<div class=\"elementor-element elementor-element-91ef56d elementor-widget__width-initial elementor-widget elementor-widget-text-editor\" data-id=\"91ef56d\" data-element_type=\"widget\" data-widget_type=\"text-editor.default\">\n\t\t\t\t<div class=\"elementor-widget-container\">\n\t\t\t\t\t\t\t\t\t<p class=\"storytelling-text\">Vous serez parmi les premiers \u00e0 recevoir les actualit\u00e9s exclusives sur la transformation, un acc\u00e8s privil\u00e9gi\u00e9 aux disponibilit\u00e9s, ainsi qu&rsquo;une invitation priv\u00e9e \u00e0 notre \u00e9v\u00e9nement de pr\u00e9-ouverture.<\/p>\t\t\t\t\t\t\t\t<\/div>\n\t\t\t\t<\/div>\n\t\t\t\t<div class=\"elementor-element elementor-element-56c77eb elementor-widget__width-initial elementor-widget elementor-widget-text-editor\" data-id=\"56c77eb\" data-element_type=\"widget\" data-widget_type=\"text-editor.default\">\n\t\t\t\t<div class=\"elementor-widget-container\">\n\t\t\t\t\t\t\t\t\t<p class=\"storytelling-accent\">Bienvenue sur la liste prioritaire des AF Luxury Suites Courmayeur.<\/p>\t\t\t\t\t\t\t\t<\/div>\n\t\t\t\t<\/div>\n\t\t\t\t<div class=\"elementor-element elementor-element-cf42d73 elementor-widget-divider--view-line elementor-widget elementor-widget-divider\" data-id=\"cf42d73\" data-element_type=\"widget\" data-widget_type=\"divider.default\">\n\t\t\t\t<div class=\"elementor-widget-container\">\n\t\t\t\t\t\t\t<div class=\"elementor-divider\">\n\t\t\t<span class=\"elementor-divider-separator\">\n\t\t\t\t\t\t<\/span>\n\t\t<\/div>\n\t\t\t\t\t\t<\/div>\n\t\t\t\t<\/div>\n\t\t\t\t<div class=\"elementor-element elementor-element-c482de1 elementor-widget elementor-widget-text-editor\" data-id=\"c482de1\" data-element_type=\"widget\" data-widget_type=\"text-editor.default\">\n\t\t\t\t<div class=\"elementor-widget-container\">\n\t\t\t\t\t\t\t\t\t<p>SUIVRE L&rsquo;AVENTURE<\/p>\t\t\t\t\t\t\t\t<\/div>\n\t\t\t\t<\/div>\n\t\t\t\t<div class=\"elementor-element elementor-element-15c2777 elementor-widget__width-initial elementor-widget elementor-widget-text-editor\" data-id=\"15c2777\" data-element_type=\"widget\" data-widget_type=\"text-editor.default\">\n\t\t\t\t<div class=\"elementor-widget-container\">\n\t\t\t\t\t\t\t\t\t<p class=\"storytelling-text\">En attendant, suivez la transformation sur nos canaux.<\/p>\t\t\t\t\t\t\t\t<\/div>\n\t\t\t\t<\/div>\n\t\t<div class=\"elementor-element elementor-element-2707cf4 e-con-full e-flex e-con e-child\" data-id=\"2707cf4\" data-element_type=\"container\">\n\t\t\t\t<div class=\"elementor-element elementor-element-82896f1 elementor-align-center animated-slow elementor-widget elementor-widget-button\" data-id=\"82896f1\" data-element_type=\"widget\" data-settings=\"{&quot;_animation&quot;:&quot;none&quot;,&quot;_animation_delay&quot;:1000}\" data-widget_type=\"button.default\">\n\t\t\t\t<div class=\"elementor-widget-container\">\n\t\t\t\t\t\t\t\t\t<div class=\"elementor-button-wrapper\">\n\t\t\t\t\t<a class=\"elementor-button elementor-button-link elementor-size-sm\" href=\"https:\/\/www.instagram.com\/af_luxury_suites\/\" target=\"_blank\">\n\t\t\t\t\t\t<span class=\"elementor-button-content-wrapper\">\n\t\t\t\t\t\t\t\t\t<span class=\"elementor-button-text\">INSTAGRAM<\/span>\n\t\t\t\t\t<\/span>\n\t\t\t\t\t<\/a>\n\t\t\t\t<\/div>\n\t\t\t\t\t\t\t\t<\/div>\n\t\t\t\t<\/div>\n\t\t\t\t<div class=\"elementor-element elementor-element-ad27ae8 elementor-align-center animated-slow elementor-widget elementor-widget-button\" data-id=\"ad27ae8\" data-element_type=\"widget\" data-settings=\"{&quot;_animation&quot;:&quot;none&quot;,&quot;_animation_delay&quot;:1000}\" data-widget_type=\"button.default\">\n\t\t\t\t<div class=\"elementor-widget-container\">\n\t\t\t\t\t\t\t\t\t<div class=\"elementor-button-wrapper\">\n\t\t\t\t\t<a class=\"elementor-button elementor-button-link elementor-size-sm\" href=\"https:\/\/www.facebook.com\/afduomo\/\" target=\"_blank\">\n\t\t\t\t\t\t<span class=\"elementor-button-content-wrapper\">\n\t\t\t\t\t\t\t\t\t<span class=\"elementor-button-text\">FACEBOOK<\/span>\n\t\t\t\t\t<\/span>\n\t\t\t\t\t<\/a>\n\t\t\t\t<\/div>\n\t\t\t\t\t\t\t\t<\/div>\n\t\t\t\t<\/div>\n\t\t\t\t<\/div>\n\t\t\t\t<div class=\"elementor-element elementor-element-2f95919 elementor-widget elementor-widget-spacer\" data-id=\"2f95919\" data-element_type=\"widget\" data-widget_type=\"spacer.default\">\n\t\t\t\t<div class=\"elementor-widget-container\">\n\t\t\t\t\t\t\t<div class=\"elementor-spacer\">\n\t\t\t<div class=\"elementor-spacer-inner\"><\/div>\n\t\t<\/div>\n\t\t\t\t\t\t<\/div>\n\t\t\t\t<\/div>\n\t\t\t\t<div class=\"elementor-element elementor-element-a10dd8b elementor-align-center animated-slow elementor-widget elementor-widget-button\" data-id=\"a10dd8b\" data-element_type=\"widget\" data-settings=\"{&quot;_animation&quot;:&quot;none&quot;,&quot;_animation_delay&quot;:1000}\" data-widget_type=\"button.default\">\n\t\t\t\t<div class=\"elementor-widget-container\">\n\t\t\t\t\t\t\t\t\t<div class=\"elementor-button-wrapper\">\n\t\t\t\t\t<a class=\"elementor-button elementor-button-link elementor-size-sm\" href=\"http:\/\/www.afluxurysuites.com\" target=\"_blank\">\n\t\t\t\t\t\t<span class=\"elementor-button-content-wrapper\">\n\t\t\t\t\t\t<span class=\"elementor-button-icon\">\n\t\t\t\t<i aria-hidden=\"true\" class=\"fas fa-arrow-right\"><\/i>\t\t\t<\/span>\n\t\t\t\t\t\t\t\t\t<span class=\"elementor-button-text\">D\u00c9COUVREZ LA COLLECTION AF<\/span>\n\t\t\t\t\t<\/span>\n\t\t\t\t\t<\/a>\n\t\t\t\t<\/div>\n\t\t\t\t\t\t\t\t<\/div>\n\t\t\t\t<\/div>\n\t\t\t\t<div class=\"elementor-element elementor-element-84defd4 elementor-widget elementor-widget-spacer\" data-id=\"84defd4\" data-element_type=\"widget\" data-widget_type=\"spacer.default\">\n\t\t\t\t<div class=\"elementor-widget-container\">\n\t\t\t\t\t\t\t<div class=\"elementor-spacer\">\n\t\t\t<div class=\"elementor-spacer-inner\"><\/div>\n\t\t<\/div>\n\t\t\t\t\t\t<\/div>\n\t\t\t\t<\/div>\n\t\t\t\t\t<\/div>\n\t\t\t\t<\/div>\n\t\t\t\t<\/div>\n\t\t","protected":false},"excerpt":{"rendered":"<p>Vous \u00cates des N\u00f4tres. Vous serez parmi les premiers \u00e0 recevoir les actualit\u00e9s exclusives sur la transformation, un acc\u00e8s privil\u00e9gi\u00e9 aux disponibilit\u00e9s, ainsi qu&rsquo;une invitation priv\u00e9e \u00e0 notre \u00e9v\u00e9nement de pr\u00e9-ouverture.Bienvenue sur la liste prioritaire des AF Luxury Suites Courmayeur. SUIVRE L&rsquo;AVENTUREEn attendant, suivez la transformation sur nos canaux. INSTAGRAM FACEBOOK D\u00c9COUVREZ LA COLLECTION AF<\/p>\n","protected":false},"author":1,"featured_media":0,"parent":0,"menu_order":0,"comment_status":"closed","ping_status":"closed","template":"page-templates\/home.php","meta":{"footnotes":""},"class_list":["post-10737","page","type-page","status-publish","hentry"],"yoast_head":"<!-- This site is optimized with the Yoast SEO plugin v26.0 - https:\/\/yoast.com\/wordpress\/plugins\/seo\/ -->\n<title>Vous \u00cates des N\u00f4tres | AF Luxury Suites Courmayeur<\/title>\n<meta name=\"description\" content=\"Vivez l&#039;\u00e9l\u00e9gance au Courmayeur Suites &amp; Deluxe: des chambres d&#039;exception au c\u0153ur de Courmayeur, alliant confort raffin\u00e9, art de l&#039;accueil\" \/>\n<meta name=\"robots\" content=\"index, follow, max-snippet:-1, max-image-preview:large, max-video-preview:-1\" \/>\n<link rel=\"canonical\" href=\"https:\/\/www.afluxurysuites.com\/courmayeur\/fr\/vous-etes-des-notres\/\" \/>\n<meta property=\"og:locale\" content=\"fr_FR\" \/>\n<meta property=\"og:type\" content=\"article\" \/>\n<meta property=\"og:title\" content=\"Vous \u00cates des N\u00f4tres | AF Luxury Suites Courmayeur\" \/>\n<meta property=\"og:description\" content=\"Vivez l&#039;\u00e9l\u00e9gance au Courmayeur Suites &amp; Deluxe: des chambres d&#039;exception au c\u0153ur de Courmayeur, alliant confort raffin\u00e9, art de l&#039;accueil\" \/>\n<meta property=\"og:url\" content=\"https:\/\/www.afluxurysuites.com\/courmayeur\/fr\/vous-etes-des-notres\/\" \/>\n<meta property=\"og:site_name\" content=\"AF Courmayeur\" \/>\n<meta property=\"article:modified_time\" content=\"2026-04-30T15:09:40+00:00\" \/>\n<meta name=\"twitter:card\" content=\"summary_large_image\" \/>\n<meta name=\"twitter:label1\" content=\"Dur\u00e9e de lecture estim\u00e9e\" \/>\n\t<meta name=\"twitter:data1\" content=\"1 minute\" \/>\n<script type=\"application\/ld+json\" class=\"yoast-schema-graph\">{\"@context\":\"https:\/\/schema.org\",\"@graph\":[{\"@type\":\"WebPage\",\"@id\":\"https:\/\/www.afluxurysuites.com\/courmayeur\/fr\/vous-etes-des-notres\/\",\"url\":\"https:\/\/www.afluxurysuites.com\/courmayeur\/fr\/vous-etes-des-notres\/\",\"name\":\"Vous \u00cates des N\u00f4tres | AF Luxury Suites Courmayeur\",\"isPartOf\":{\"@id\":\"https:\/\/www.afluxurysuites.com\/courmayeur\/fr\/#website\"},\"datePublished\":\"2026-04-01T10:36:48+00:00\",\"dateModified\":\"2026-04-30T15:09:40+00:00\",\"description\":\"Vivez l'\u00e9l\u00e9gance au Courmayeur Suites & Deluxe: des chambres d'exception au c\u0153ur de Courmayeur, alliant confort raffin\u00e9, art de l'accueil\",\"breadcrumb\":{\"@id\":\"https:\/\/www.afluxurysuites.com\/courmayeur\/fr\/vous-etes-des-notres\/#breadcrumb\"},\"inLanguage\":\"fr-FR\",\"potentialAction\":[{\"@type\":\"ReadAction\",\"target\":[\"https:\/\/www.afluxurysuites.com\/courmayeur\/fr\/vous-etes-des-notres\/\"]}]},{\"@type\":\"BreadcrumbList\",\"@id\":\"https:\/\/www.afluxurysuites.com\/courmayeur\/fr\/vous-etes-des-notres\/#breadcrumb\",\"itemListElement\":[{\"@type\":\"ListItem\",\"position\":1,\"name\":\"Home\",\"item\":\"https:\/\/www.afluxurysuites.com\/courmayeur\/fr\/\"},{\"@type\":\"ListItem\",\"position\":2,\"name\":\"Vous \u00cates des N\u00f4tres.\"}]},{\"@type\":\"WebSite\",\"@id\":\"https:\/\/www.afluxurysuites.com\/courmayeur\/fr\/#website\",\"url\":\"https:\/\/www.afluxurysuites.com\/courmayeur\/fr\/\",\"name\":\"AF Courmayeur\",\"description\":\"Courmayeur Suites &amp; Deluxe\",\"potentialAction\":[{\"@type\":\"SearchAction\",\"target\":{\"@type\":\"EntryPoint\",\"urlTemplate\":\"https:\/\/www.afluxurysuites.com\/courmayeur\/fr\/?s={search_term_string}\"},\"query-input\":{\"@type\":\"PropertyValueSpecification\",\"valueRequired\":true,\"valueName\":\"search_term_string\"}}],\"inLanguage\":\"fr-FR\"}]}<\/script>\n<!-- \/ Yoast SEO plugin. -->","yoast_head_json":{"title":"Vous \u00cates des N\u00f4tres | AF Luxury Suites Courmayeur","description":"Vivez l'\u00e9l\u00e9gance au Courmayeur Suites & Deluxe: des chambres d'exception au c\u0153ur de Courmayeur, alliant confort raffin\u00e9, art de l'accueil","robots":{"index":"index","follow":"follow","max-snippet":"max-snippet:-1","max-image-preview":"max-image-preview:large","max-video-preview":"max-video-preview:-1"},"canonical":"https:\/\/www.afluxurysuites.com\/courmayeur\/fr\/vous-etes-des-notres\/","og_locale":"fr_FR","og_type":"article","og_title":"Vous \u00cates des N\u00f4tres | AF Luxury Suites Courmayeur","og_description":"Vivez l'\u00e9l\u00e9gance au Courmayeur Suites & Deluxe: des chambres d'exception au c\u0153ur de Courmayeur, alliant confort raffin\u00e9, art de l'accueil","og_url":"https:\/\/www.afluxurysuites.com\/courmayeur\/fr\/vous-etes-des-notres\/","og_site_name":"AF Courmayeur","article_modified_time":"2026-04-30T15:09:40+00:00","twitter_card":"summary_large_image","twitter_misc":{"Dur\u00e9e de lecture estim\u00e9e":"1 minute"},"schema":{"@context":"https:\/\/schema.org","@graph":[{"@type":"WebPage","@id":"https:\/\/www.afluxurysuites.com\/courmayeur\/fr\/vous-etes-des-notres\/","url":"https:\/\/www.afluxurysuites.com\/courmayeur\/fr\/vous-etes-des-notres\/","name":"Vous \u00cates des N\u00f4tres | AF Luxury Suites Courmayeur","isPartOf":{"@id":"https:\/\/www.afluxurysuites.com\/courmayeur\/fr\/#website"},"datePublished":"2026-04-01T10:36:48+00:00","dateModified":"2026-04-30T15:09:40+00:00","description":"Vivez l'\u00e9l\u00e9gance au Courmayeur Suites & Deluxe: des chambres d'exception au c\u0153ur de Courmayeur, alliant confort raffin\u00e9, art de l'accueil","breadcrumb":{"@id":"https:\/\/www.afluxurysuites.com\/courmayeur\/fr\/vous-etes-des-notres\/#breadcrumb"},"inLanguage":"fr-FR","potentialAction":[{"@type":"ReadAction","target":["https:\/\/www.afluxurysuites.com\/courmayeur\/fr\/vous-etes-des-notres\/"]}]},{"@type":"BreadcrumbList","@id":"https:\/\/www.afluxurysuites.com\/courmayeur\/fr\/vous-etes-des-notres\/#breadcrumb","itemListElement":[{"@type":"ListItem","position":1,"name":"Home","item":"https:\/\/www.afluxurysuites.com\/courmayeur\/fr\/"},{"@type":"ListItem","position":2,"name":"Vous \u00cates des N\u00f4tres."}]},{"@type":"WebSite","@id":"https:\/\/www.afluxurysuites.com\/courmayeur\/fr\/#website","url":"https:\/\/www.afluxurysuites.com\/courmayeur\/fr\/","name":"AF Courmayeur","description":"Courmayeur Suites &amp; Deluxe","potentialAction":[{"@type":"SearchAction","target":{"@type":"EntryPoint","urlTemplate":"https:\/\/www.afluxurysuites.com\/courmayeur\/fr\/?s={search_term_string}"},"query-input":{"@type":"PropertyValueSpecification","valueRequired":true,"valueName":"search_term_string"}}],"inLanguage":"fr-FR"}]}},"_links":{"self":[{"href":"https:\/\/www.afluxurysuites.com\/courmayeur\/fr\/wp-json\/wp\/v2\/pages\/10737","targetHints":{"allow":["GET"]}}],"collection":[{"href":"https:\/\/www.afluxurysuites.com\/courmayeur\/fr\/wp-json\/wp\/v2\/pages"}],"about":[{"href":"https:\/\/www.afluxurysuites.com\/courmayeur\/fr\/wp-json\/wp\/v2\/types\/page"}],"author":[{"embeddable":true,"href":"https:\/\/www.afluxurysuites.com\/courmayeur\/fr\/wp-json\/wp\/v2\/users\/1"}],"replies":[{"embeddable":true,"href":"https:\/\/www.afluxurysuites.com\/courmayeur\/fr\/wp-json\/wp\/v2\/comments?post=10737"}],"version-history":[{"count":4,"href":"https:\/\/www.afluxurysuites.com\/courmayeur\/fr\/wp-json\/wp\/v2\/pages\/10737\/revisions"}],"predecessor-version":[{"id":10742,"href":"https:\/\/www.afluxurysuites.com\/courmayeur\/fr\/wp-json\/wp\/v2\/pages\/10737\/revisions\/10742"}],"wp:attachment":[{"href":"https:\/\/www.afluxurysuites.com\/courmayeur\/fr\/wp-json\/wp\/v2\/media?parent=10737"}],"curies":[{"name":"wp","href":"https:\/\/api.w.org\/{rel}","templated":true}]}}