{"id":7993,"date":"2024-04-15T14:48:13","date_gmt":"2024-04-15T12:48:13","guid":{"rendered":"https:\/\/www.afluxurysuites.com\/milano\/?page_id=7993"},"modified":"2025-09-30T13:01:14","modified_gmt":"2025-09-30T11:01:14","slug":"richiesta-inviata-con-successo","status":"publish","type":"page","link":"https:\/\/www.afluxurysuites.com\/milano\/it\/richiesta-inviata-con-successo\/","title":{"rendered":"Richiesta inviata con successo"},"content":{"rendered":"\t\t<div data-elementor-type=\"wp-page\" data-elementor-id=\"7993\" class=\"elementor elementor-7993\" data-elementor-post-type=\"page\">\n\t\t\t\t<div class=\"elementor-element elementor-element-0cb3547 e-flex e-con-boxed e-con e-parent\" data-id=\"0cb3547\" data-element_type=\"container\" data-settings=\"{&quot;background_background&quot;:&quot;classic&quot;}\">\n\t\t\t\t\t<div class=\"e-con-inner\">\n\t\t\t\t<div class=\"elementor-element elementor-element-fffe729 animated-slow elementor-invisible elementor-widget elementor-widget-heading\" data-id=\"fffe729\" data-element_type=\"widget\" data-settings=\"{&quot;_animation&quot;:&quot;fadeInLeft&quot;}\" data-widget_type=\"heading.default\">\n\t\t\t\t<div class=\"elementor-widget-container\">\n\t\t\t\t\t<h2 class=\"elementor-heading-title elementor-size-default\">AF DUOMO<\/h2>\t\t\t\t<\/div>\n\t\t\t\t<\/div>\n\t\t\t\t<div class=\"elementor-element elementor-element-faa3934 elementor-widget elementor-widget-heading\" data-id=\"faa3934\" data-element_type=\"widget\" data-widget_type=\"heading.default\">\n\t\t\t\t<div class=\"elementor-widget-container\">\n\t\t\t\t\t<h3 class=\"elementor-heading-title elementor-size-default\">AF Luxury Suites<\/h3>\t\t\t\t<\/div>\n\t\t\t\t<\/div>\n\t\t\t\t<div class=\"elementor-element elementor-element-268faba elementor-widget elementor-widget-spacer\" data-id=\"268faba\" data-element_type=\"widget\" data-widget_type=\"spacer.default\">\n\t\t\t\t<div class=\"elementor-widget-container\">\n\t\t\t\t\t\t\t<div class=\"elementor-spacer\">\n\t\t\t<div class=\"elementor-spacer-inner\"><\/div>\n\t\t<\/div>\n\t\t\t\t\t\t<\/div>\n\t\t\t\t<\/div>\n\t\t\t\t\t<\/div>\n\t\t\t\t<\/div>\n\t\t<div class=\"elementor-element elementor-element-636b43a e-flex e-con-boxed e-con e-parent\" data-id=\"636b43a\" data-element_type=\"container\" data-settings=\"{&quot;background_background&quot;:&quot;classic&quot;}\">\n\t\t\t\t\t<div class=\"e-con-inner\">\n\t\t\t\t<div class=\"elementor-element elementor-element-16f373b elementor-widget elementor-widget-heading\" data-id=\"16f373b\" data-element_type=\"widget\" data-widget_type=\"heading.default\">\n\t\t\t\t<div class=\"elementor-widget-container\">\n\t\t\t\t\t<h4 class=\"elementor-heading-title elementor-size-default\">Richiesta inviata con successo<\/h4>\t\t\t\t<\/div>\n\t\t\t\t<\/div>\n\t\t\t\t<div class=\"elementor-element elementor-element-ddb6357 e-transform elementor-widget-divider--view-line elementor-widget elementor-widget-divider\" data-id=\"ddb6357\" data-element_type=\"widget\" data-settings=\"{&quot;_transform_rotateZ_effect&quot;:{&quot;unit&quot;:&quot;px&quot;,&quot;size&quot;:90,&quot;sizes&quot;:[]},&quot;_transform_rotateZ_effect_tablet&quot;:{&quot;unit&quot;:&quot;deg&quot;,&quot;size&quot;:&quot;&quot;,&quot;sizes&quot;:[]},&quot;_transform_rotateZ_effect_mobile&quot;:{&quot;unit&quot;:&quot;deg&quot;,&quot;size&quot;:&quot;&quot;,&quot;sizes&quot;:[]}}\" data-widget_type=\"divider.default\">\n\t\t\t\t<div class=\"elementor-widget-container\">\n\t\t\t\t\t\t\t<div class=\"elementor-divider\">\n\t\t\t<span class=\"elementor-divider-separator\">\n\t\t\t\t\t\t<\/span>\n\t\t<\/div>\n\t\t\t\t\t\t<\/div>\n\t\t\t\t<\/div>\n\t\t\t\t<div class=\"elementor-element elementor-element-e2858b2 elementor-widget__width-initial elementor-widget elementor-widget-text-editor\" data-id=\"e2858b2\" data-element_type=\"widget\" data-widget_type=\"text-editor.default\">\n\t\t\t\t<div class=\"elementor-widget-container\">\n\t\t\t\t\t\t\t\t\t<p>Grazie per averci contattato ed aver mostrato interesse nei confronti della nostra struttura.<br \/>La tua richiesta \u00e8 stata ricevuta con successo e il nostro team \u00e8 gi\u00e0 al lavoro per fornirti tutte le informazioni necessarie per rendere il tuo soggiorno indimenticabile.<br \/><br \/>Se hai ulteriori domande o richieste, non esitare a contattarci.<br \/>Siamo qui per assisterti e per garantire che ogni dettaglio del tuo soggiorno sia curato con la massima attenzione.<\/p>\t\t\t\t\t\t\t\t<\/div>\n\t\t\t\t<\/div>\n\t\t\t\t<div class=\"elementor-element elementor-element-77c70be elementor-widget elementor-widget-spacer\" data-id=\"77c70be\" data-element_type=\"widget\" data-widget_type=\"spacer.default\">\n\t\t\t\t<div class=\"elementor-widget-container\">\n\t\t\t\t\t\t\t<div class=\"elementor-spacer\">\n\t\t\t<div class=\"elementor-spacer-inner\"><\/div>\n\t\t<\/div>\n\t\t\t\t\t\t<\/div>\n\t\t\t\t<\/div>\n\t\t\t\t<div class=\"elementor-element elementor-element-ea2f76f elementor-align-center elementor-widget elementor-widget-button\" data-id=\"ea2f76f\" data-element_type=\"widget\" data-widget_type=\"button.default\">\n\t\t\t\t<div class=\"elementor-widget-container\">\n\t\t\t\t\t\t\t\t\t<div class=\"elementor-button-wrapper\">\n\t\t\t\t\t<a class=\"elementor-button elementor-button-link elementor-size-sm\" href=\"https:\/\/www.afluxurysuites.com\/milano\/it\/\">\n\t\t\t\t\t\t<span class=\"elementor-button-content-wrapper\">\n\t\t\t\t\t\t\t\t\t<span class=\"elementor-button-text\">TORNA ALLA HOME<\/span>\n\t\t\t\t\t<\/span>\n\t\t\t\t\t<\/a>\n\t\t\t\t<\/div>\n\t\t\t\t\t\t\t\t<\/div>\n\t\t\t\t<\/div>\n\t\t\t\t\t<\/div>\n\t\t\t\t<\/div>\n\t\t\t\t<\/div>\n\t\t","protected":false},"excerpt":{"rendered":"<p>AF DUOMO AF Luxury Suites Richiesta inviata con successo Grazie per averci contattato ed aver mostrato interesse nei confronti della nostra struttura.La tua richiesta \u00e8 stata ricevuta con successo e il nostro team \u00e8 gi\u00e0 al lavoro per fornirti tutte le informazioni necessarie per rendere il tuo soggiorno indimenticabile.Se hai ulteriori domande o richieste, non [&hellip;]<\/p>\n","protected":false},"author":2,"featured_media":0,"parent":0,"menu_order":0,"comment_status":"closed","ping_status":"closed","template":"page-templates\/home.php","meta":{"footnotes":""},"class_list":["post-7993","page","type-page","status-publish","hentry"],"yoast_head":"<!-- This site is optimized with the Yoast SEO plugin v26.0 - https:\/\/yoast.com\/wordpress\/plugins\/seo\/ -->\n<title>Luxury rooms in Milan - Af Duomo Milano<\/title>\n<meta name=\"description\" content=\"Experience elegance at Milano Suites &amp; Deluxe: luxury rooms in the heart of Milan, combining comfort, style, and unforgettable hospitality.\" \/>\n<meta name=\"robots\" content=\"index, follow, max-snippet:-1, max-image-preview:large, max-video-preview:-1\" \/>\n<link rel=\"canonical\" href=\"https:\/\/www.afluxurysuites.com\/milano\/it\/richiesta-inviata-con-successo\/\" \/>\n<meta property=\"og:locale\" content=\"it_IT\" \/>\n<meta property=\"og:type\" content=\"article\" \/>\n<meta property=\"og:title\" content=\"Luxury rooms in Milan - Af Duomo Milano\" \/>\n<meta property=\"og:description\" content=\"Experience elegance at Milano Suites &amp; Deluxe: luxury rooms in the heart of Milan, combining comfort, style, and unforgettable hospitality.\" \/>\n<meta property=\"og:url\" content=\"https:\/\/www.afluxurysuites.com\/milano\/it\/richiesta-inviata-con-successo\/\" \/>\n<meta property=\"og:site_name\" content=\"Af Duomo Milano\" \/>\n<meta property=\"article:modified_time\" content=\"2025-09-30T11:01:14+00:00\" \/>\n<meta name=\"twitter:card\" content=\"summary_large_image\" \/>\n<meta name=\"twitter:label1\" content=\"Tempo di lettura stimato\" \/>\n\t<meta name=\"twitter:data1\" content=\"1 minuto\" \/>\n<script type=\"application\/ld+json\" class=\"yoast-schema-graph\">{\"@context\":\"https:\/\/schema.org\",\"@graph\":[{\"@type\":\"WebPage\",\"@id\":\"https:\/\/www.afluxurysuites.com\/milano\/it\/richiesta-inviata-con-successo\/\",\"url\":\"https:\/\/www.afluxurysuites.com\/milano\/it\/richiesta-inviata-con-successo\/\",\"name\":\"Luxury rooms in Milan - Af Duomo Milano\",\"isPartOf\":{\"@id\":\"https:\/\/www.afluxurysuites.com\/milano\/it\/#website\"},\"datePublished\":\"2024-04-15T12:48:13+00:00\",\"dateModified\":\"2025-09-30T11:01:14+00:00\",\"description\":\"Experience elegance at Milano Suites & Deluxe: luxury rooms in the heart of Milan, combining comfort, style, and unforgettable hospitality.\",\"breadcrumb\":{\"@id\":\"https:\/\/www.afluxurysuites.com\/milano\/it\/richiesta-inviata-con-successo\/#breadcrumb\"},\"inLanguage\":\"it-IT\",\"potentialAction\":[{\"@type\":\"ReadAction\",\"target\":[\"https:\/\/www.afluxurysuites.com\/milano\/it\/richiesta-inviata-con-successo\/\"]}]},{\"@type\":\"BreadcrumbList\",\"@id\":\"https:\/\/www.afluxurysuites.com\/milano\/it\/richiesta-inviata-con-successo\/#breadcrumb\",\"itemListElement\":[{\"@type\":\"ListItem\",\"position\":1,\"name\":\"Home\",\"item\":\"https:\/\/www.afluxurysuites.com\/milano\/it\/\"},{\"@type\":\"ListItem\",\"position\":2,\"name\":\"Richiesta inviata con successo\"}]},{\"@type\":\"WebSite\",\"@id\":\"https:\/\/www.afluxurysuites.com\/milano\/it\/#website\",\"url\":\"https:\/\/www.afluxurysuites.com\/milano\/it\/\",\"name\":\"Af Duomo Milano\",\"description\":\"Milano Suites &amp; Deluxe\",\"publisher\":{\"@id\":\"https:\/\/www.afluxurysuites.com\/milano\/it\/#organization\"},\"potentialAction\":[{\"@type\":\"SearchAction\",\"target\":{\"@type\":\"EntryPoint\",\"urlTemplate\":\"https:\/\/www.afluxurysuites.com\/milano\/it\/?s={search_term_string}\"},\"query-input\":{\"@type\":\"PropertyValueSpecification\",\"valueRequired\":true,\"valueName\":\"search_term_string\"}}],\"inLanguage\":\"it-IT\"},{\"@type\":\"Organization\",\"@id\":\"https:\/\/www.afluxurysuites.com\/milano\/it\/#organization\",\"name\":\"Af Duomo Milano\",\"url\":\"https:\/\/www.afluxurysuites.com\/milano\/it\/\",\"logo\":{\"@type\":\"ImageObject\",\"inLanguage\":\"it-IT\",\"@id\":\"https:\/\/www.afluxurysuites.com\/milano\/it\/#\/schema\/logo\/image\/\",\"url\":\"https:\/\/www.afluxurysuites.com\/milano\/wp-content\/uploads\/sites\/3\/2022\/06\/af-milano-orizzontale.svg\",\"contentUrl\":\"https:\/\/www.afluxurysuites.com\/milano\/wp-content\/uploads\/sites\/3\/2022\/06\/af-milano-orizzontale.svg\",\"width\":191,\"height\":29,\"caption\":\"Af Duomo Milano\"},\"image\":{\"@id\":\"https:\/\/www.afluxurysuites.com\/milano\/it\/#\/schema\/logo\/image\/\"}}]}<\/script>\n<!-- \/ Yoast SEO plugin. -->","yoast_head_json":{"title":"Luxury rooms in Milan - Af Duomo Milano","description":"Experience elegance at Milano Suites & Deluxe: luxury rooms in the heart of Milan, combining comfort, style, and unforgettable hospitality.","robots":{"index":"index","follow":"follow","max-snippet":"max-snippet:-1","max-image-preview":"max-image-preview:large","max-video-preview":"max-video-preview:-1"},"canonical":"https:\/\/www.afluxurysuites.com\/milano\/it\/richiesta-inviata-con-successo\/","og_locale":"it_IT","og_type":"article","og_title":"Luxury rooms in Milan - Af Duomo Milano","og_description":"Experience elegance at Milano Suites & Deluxe: luxury rooms in the heart of Milan, combining comfort, style, and unforgettable hospitality.","og_url":"https:\/\/www.afluxurysuites.com\/milano\/it\/richiesta-inviata-con-successo\/","og_site_name":"Af Duomo Milano","article_modified_time":"2025-09-30T11:01:14+00:00","twitter_card":"summary_large_image","twitter_misc":{"Tempo di lettura stimato":"1 minuto"},"schema":{"@context":"https:\/\/schema.org","@graph":[{"@type":"WebPage","@id":"https:\/\/www.afluxurysuites.com\/milano\/it\/richiesta-inviata-con-successo\/","url":"https:\/\/www.afluxurysuites.com\/milano\/it\/richiesta-inviata-con-successo\/","name":"Luxury rooms in Milan - Af Duomo Milano","isPartOf":{"@id":"https:\/\/www.afluxurysuites.com\/milano\/it\/#website"},"datePublished":"2024-04-15T12:48:13+00:00","dateModified":"2025-09-30T11:01:14+00:00","description":"Experience elegance at Milano Suites & Deluxe: luxury rooms in the heart of Milan, combining comfort, style, and unforgettable hospitality.","breadcrumb":{"@id":"https:\/\/www.afluxurysuites.com\/milano\/it\/richiesta-inviata-con-successo\/#breadcrumb"},"inLanguage":"it-IT","potentialAction":[{"@type":"ReadAction","target":["https:\/\/www.afluxurysuites.com\/milano\/it\/richiesta-inviata-con-successo\/"]}]},{"@type":"BreadcrumbList","@id":"https:\/\/www.afluxurysuites.com\/milano\/it\/richiesta-inviata-con-successo\/#breadcrumb","itemListElement":[{"@type":"ListItem","position":1,"name":"Home","item":"https:\/\/www.afluxurysuites.com\/milano\/it\/"},{"@type":"ListItem","position":2,"name":"Richiesta inviata con successo"}]},{"@type":"WebSite","@id":"https:\/\/www.afluxurysuites.com\/milano\/it\/#website","url":"https:\/\/www.afluxurysuites.com\/milano\/it\/","name":"Af Duomo Milano","description":"Milano Suites &amp; Deluxe","publisher":{"@id":"https:\/\/www.afluxurysuites.com\/milano\/it\/#organization"},"potentialAction":[{"@type":"SearchAction","target":{"@type":"EntryPoint","urlTemplate":"https:\/\/www.afluxurysuites.com\/milano\/it\/?s={search_term_string}"},"query-input":{"@type":"PropertyValueSpecification","valueRequired":true,"valueName":"search_term_string"}}],"inLanguage":"it-IT"},{"@type":"Organization","@id":"https:\/\/www.afluxurysuites.com\/milano\/it\/#organization","name":"Af Duomo Milano","url":"https:\/\/www.afluxurysuites.com\/milano\/it\/","logo":{"@type":"ImageObject","inLanguage":"it-IT","@id":"https:\/\/www.afluxurysuites.com\/milano\/it\/#\/schema\/logo\/image\/","url":"https:\/\/www.afluxurysuites.com\/milano\/wp-content\/uploads\/sites\/3\/2022\/06\/af-milano-orizzontale.svg","contentUrl":"https:\/\/www.afluxurysuites.com\/milano\/wp-content\/uploads\/sites\/3\/2022\/06\/af-milano-orizzontale.svg","width":191,"height":29,"caption":"Af Duomo Milano"},"image":{"@id":"https:\/\/www.afluxurysuites.com\/milano\/it\/#\/schema\/logo\/image\/"}}]}},"_links":{"self":[{"href":"https:\/\/www.afluxurysuites.com\/milano\/it\/wp-json\/wp\/v2\/pages\/7993","targetHints":{"allow":["GET"]}}],"collection":[{"href":"https:\/\/www.afluxurysuites.com\/milano\/it\/wp-json\/wp\/v2\/pages"}],"about":[{"href":"https:\/\/www.afluxurysuites.com\/milano\/it\/wp-json\/wp\/v2\/types\/page"}],"author":[{"embeddable":true,"href":"https:\/\/www.afluxurysuites.com\/milano\/it\/wp-json\/wp\/v2\/users\/2"}],"replies":[{"embeddable":true,"href":"https:\/\/www.afluxurysuites.com\/milano\/it\/wp-json\/wp\/v2\/comments?post=7993"}],"version-history":[{"count":19,"href":"https:\/\/www.afluxurysuites.com\/milano\/it\/wp-json\/wp\/v2\/pages\/7993\/revisions"}],"predecessor-version":[{"id":8924,"href":"https:\/\/www.afluxurysuites.com\/milano\/it\/wp-json\/wp\/v2\/pages\/7993\/revisions\/8924"}],"wp:attachment":[{"href":"https:\/\/www.afluxurysuites.com\/milano\/it\/wp-json\/wp\/v2\/media?parent=7993"}],"curies":[{"name":"wp","href":"https:\/\/api.w.org\/{rel}","templated":true}]}}